{"id":329,"date":"2024-04-01T09:49:35","date_gmt":"2024-04-01T07:49:35","guid":{"rendered":"https:\/\/echiquierdubocage.com\/?page_id=329"},"modified":"2026-05-04T09:40:45","modified_gmt":"2026-05-04T07:40:45","slug":"open-de-bagnoles","status":"publish","type":"page","link":"https:\/\/echiquierdubocage.com\/?page_id=329","title":{"rendered":"3\u00e8me Open d&rsquo;\u00e9t\u00e9 de L&rsquo;\u00c9chiquier du Bocage"},"content":{"rendered":"\n<figure class=\"wp-block-image size-large\"><a href=\"http:\/\/echecs.asso.fr\/FicheTournoi.aspx?Ref=71340\"><img loading=\"lazy\" decoding=\"async\" width=\"724\" height=\"1024\" src=\"https:\/\/echiquierdubocage.com\/wp-content\/uploads\/2026\/02\/PHOTO-2026-02-18-12-29-13-724x1024.jpg\" alt=\"\" class=\"wp-image-800\" srcset=\"https:\/\/echiquierdubocage.com\/wp-content\/uploads\/2026\/02\/PHOTO-2026-02-18-12-29-13-724x1024.jpg 724w, https:\/\/echiquierdubocage.com\/wp-content\/uploads\/2026\/02\/PHOTO-2026-02-18-12-29-13-212x300.jpg 212w, https:\/\/echiquierdubocage.com\/wp-content\/uploads\/2026\/02\/PHOTO-2026-02-18-12-29-13-768x1086.jpg 768w, https:\/\/echiquierdubocage.com\/wp-content\/uploads\/2026\/02\/PHOTO-2026-02-18-12-29-13-1086x1536.jpg 1086w, https:\/\/echiquierdubocage.com\/wp-content\/uploads\/2026\/02\/PHOTO-2026-02-18-12-29-13.jpg 1131w\" sizes=\"auto, (max-width: 724px) 100vw, 724px\" \/><\/a><\/figure>\n\n\n\n<div data-wp-interactive=\"core\/file\" class=\"wp-block-file\"><object data-wp-bind--hidden=\"!state.hasPdfPreview\" hidden class=\"wp-block-file__embed\" data=\"https:\/\/echiquierdubocage.com\/wp-content\/uploads\/2026\/05\/Informations-3eme-Open-dete-Echiquier-du-Bocage.pdf\" type=\"application\/pdf\" style=\"width:100%;height:600px\" aria-label=\"Contenu embarqu\u00e9 Informations 3\u00e8me Open d&apos;\u00e9t\u00e9 \u00c9chiquier du Bocage.\"><\/object><a id=\"wp-block-file--media-99d9a061-d49c-4c6c-9bb8-4c311f918b97\" href=\"https:\/\/echiquierdubocage.com\/wp-content\/uploads\/2026\/05\/Informations-3eme-Open-dete-Echiquier-du-Bocage.pdf\">Informations 3\u00e8me Open d&rsquo;\u00e9t\u00e9 \u00c9chiquier du Bocage<\/a><a href=\"https:\/\/echiquierdubocage.com\/wp-content\/uploads\/2026\/05\/Informations-3eme-Open-dete-Echiquier-du-Bocage.pdf\" class=\"wp-block-file__button wp-element-button\" download aria-describedby=\"wp-block-file--media-99d9a061-d49c-4c6c-9bb8-4c311f918b97\">T\u00e9l\u00e9charger<\/a><\/div>\n","protected":false},"excerpt":{"rendered":"","protected":false},"author":2,"featured_media":0,"parent":0,"menu_order":0,"comment_status":"closed","ping_status":"closed","template":"","meta":{"footnotes":""},"class_list":["post-329","page","type-page","status-publish","hentry"],"_links":{"self":[{"href":"https:\/\/echiquierdubocage.com\/index.php?rest_route=\/wp\/v2\/pages\/329","targetHints":{"allow":["GET"]}}],"collection":[{"href":"https:\/\/echiquierdubocage.com\/index.php?rest_route=\/wp\/v2\/pages"}],"about":[{"href":"https:\/\/echiquierdubocage.com\/index.php?rest_route=\/wp\/v2\/types\/page"}],"author":[{"embeddable":true,"href":"https:\/\/echiquierdubocage.com\/index.php?rest_route=\/wp\/v2\/users\/2"}],"replies":[{"embeddable":true,"href":"https:\/\/echiquierdubocage.com\/index.php?rest_route=%2Fwp%2Fv2%2Fcomments&post=329"}],"version-history":[{"count":27,"href":"https:\/\/echiquierdubocage.com\/index.php?rest_route=\/wp\/v2\/pages\/329\/revisions"}],"predecessor-version":[{"id":852,"href":"https:\/\/echiquierdubocage.com\/index.php?rest_route=\/wp\/v2\/pages\/329\/revisions\/852"}],"wp:attachment":[{"href":"https:\/\/echiquierdubocage.com\/index.php?rest_route=%2Fwp%2Fv2%2Fmedia&parent=329"}],"curies":[{"name":"wp","href":"https:\/\/api.w.org\/{rel}","templated":true}]}}