{"id":138,"date":"2023-12-16T16:17:48","date_gmt":"2023-12-16T15:17:48","guid":{"rendered":"https:\/\/echiquierdubocage.com\/?page_id=138"},"modified":"2025-10-20T14:03:18","modified_gmt":"2025-10-20T12:03:18","slug":"17eme-open-dautomne-de-briouze","status":"publish","type":"page","link":"https:\/\/echiquierdubocage.com\/?page_id=138","title":{"rendered":"19\u00e8me open d&rsquo;automne de Briouze"},"content":{"rendered":"\n<h2 class=\"wp-block-heading\">du 18 au 19 octobre 2025<\/h2>\n\n\n\n<div class=\"wp-block-buttons is-layout-flex wp-block-buttons-is-layout-flex\">\n<div class=\"wp-block-button\"><a class=\"wp-block-button__link wp-element-button\" href=\"http:\/\/www.echecs.asso.fr\/FicheTournoi.aspx?Ref=68051\">Tournoi A<\/a><\/div>\n\n\n\n<div class=\"wp-block-button\"><a class=\"wp-block-button__link wp-element-button\" href=\"http:\/\/www.echecs.asso.fr\/FicheTournoi.aspx?Ref=68052\">TOURNOI B<\/a><\/div>\n\n\n\n<div class=\"wp-block-button\"><a class=\"wp-block-button__link wp-element-button\" href=\"http:\/\/www.echecs.asso.fr\/FicheTournoi.aspx?Ref=68053\">TOURNOI C<\/a><\/div>\n<\/div>\n\n\n\n<p class=\"has-text-align-center\">Mf <strong>Ewen Pichon<\/strong> (Poitiers-Mign\u00e9 \u00c9checs) vainqueur de l&rsquo;Open A devant Albert De Hooghe (Caen Alekhine) et Alexandre Aumont (Bonchamps les Laval)<\/p>\n\n\n\n<figure class=\"wp-block-image size-large\"><img loading=\"lazy\" decoding=\"async\" width=\"944\" height=\"1024\" src=\"https:\/\/echiquierdubocage.com\/wp-content\/uploads\/2025\/10\/Capture-decran-2025-10-20-a-13.49.10-944x1024.png\" alt=\"\" class=\"wp-image-703\" srcset=\"https:\/\/echiquierdubocage.com\/wp-content\/uploads\/2025\/10\/Capture-decran-2025-10-20-a-13.49.10-944x1024.png 944w, https:\/\/echiquierdubocage.com\/wp-content\/uploads\/2025\/10\/Capture-decran-2025-10-20-a-13.49.10-277x300.png 277w, https:\/\/echiquierdubocage.com\/wp-content\/uploads\/2025\/10\/Capture-decran-2025-10-20-a-13.49.10-768x833.png 768w, https:\/\/echiquierdubocage.com\/wp-content\/uploads\/2025\/10\/Capture-decran-2025-10-20-a-13.49.10-1200x1302.png 1200w, https:\/\/echiquierdubocage.com\/wp-content\/uploads\/2025\/10\/Capture-decran-2025-10-20-a-13.49.10.png 1250w\" sizes=\"auto, (max-width: 944px) 100vw, 944px\" \/><\/figure>\n\n\n\n<p><strong>Samuel Haroutunian<\/strong> (Club 608 Paris) vainqueur de l&rsquo;Open B) devant Arnaud Falezan (Plo\u00ebrmel) et Fr\u00e9d\u00e9ric Rieu (Club du Mans)<\/p>\n\n\n\n<figure class=\"wp-block-image size-large\"><img loading=\"lazy\" decoding=\"async\" width=\"781\" height=\"1024\" src=\"https:\/\/echiquierdubocage.com\/wp-content\/uploads\/2025\/10\/Capture-decran-2025-10-20-a-13.54.37-781x1024.png\" alt=\"\" class=\"wp-image-704\" srcset=\"https:\/\/echiquierdubocage.com\/wp-content\/uploads\/2025\/10\/Capture-decran-2025-10-20-a-13.54.37-781x1024.png 781w, https:\/\/echiquierdubocage.com\/wp-content\/uploads\/2025\/10\/Capture-decran-2025-10-20-a-13.54.37-229x300.png 229w, https:\/\/echiquierdubocage.com\/wp-content\/uploads\/2025\/10\/Capture-decran-2025-10-20-a-13.54.37-768x1007.png 768w, https:\/\/echiquierdubocage.com\/wp-content\/uploads\/2025\/10\/Capture-decran-2025-10-20-a-13.54.37.png 1048w\" sizes=\"auto, (max-width: 781px) 100vw, 781px\" \/><\/figure>\n\n\n\n<p><strong>Lomig Le Roch<\/strong> (Plo\u00ebrmel) vainqueur de l&rsquo;Open C devant Pierre Buyssens (Flers\/Briouze) et Lucas Fuchez (Bonchamps les Laval)<\/p>\n\n\n\n<figure class=\"wp-block-image size-large\"><img loading=\"lazy\" decoding=\"async\" width=\"994\" height=\"1024\" src=\"https:\/\/echiquierdubocage.com\/wp-content\/uploads\/2025\/10\/Capture-decran-2025-10-20-a-14.02.12-994x1024.png\" alt=\"\" class=\"wp-image-705\" srcset=\"https:\/\/echiquierdubocage.com\/wp-content\/uploads\/2025\/10\/Capture-decran-2025-10-20-a-14.02.12-994x1024.png 994w, https:\/\/echiquierdubocage.com\/wp-content\/uploads\/2025\/10\/Capture-decran-2025-10-20-a-14.02.12-291x300.png 291w, https:\/\/echiquierdubocage.com\/wp-content\/uploads\/2025\/10\/Capture-decran-2025-10-20-a-14.02.12-768x791.png 768w, https:\/\/echiquierdubocage.com\/wp-content\/uploads\/2025\/10\/Capture-decran-2025-10-20-a-14.02.12.png 1136w\" sizes=\"auto, (max-width: 994px) 100vw, 994px\" \/><\/figure>\n","protected":false},"excerpt":{"rendered":"<p>du 18 au 19 octobre 2025 Mf Ewen Pichon (Poitiers-Mign\u00e9 \u00c9checs) vainqueur de l&rsquo;Open A devant Albert De Hooghe (Caen Alekhine) et Alexandre Aumont (Bonchamps les Laval) Samuel Haroutunian (Club 608 Paris) vainqueur de l&rsquo;Open B) devant Arnaud Falezan (Plo\u00ebrmel) et Fr\u00e9d\u00e9ric Rieu (Club du Mans) Lomig Le Roch (Plo\u00ebrmel) vainqueur de l&rsquo;Open C devant [&hellip;]<\/p>\n","protected":false},"author":2,"featured_media":0,"parent":0,"menu_order":0,"comment_status":"closed","ping_status":"closed","template":"","meta":{"footnotes":""},"class_list":["post-138","page","type-page","status-publish","hentry"],"_links":{"self":[{"href":"https:\/\/echiquierdubocage.com\/index.php?rest_route=\/wp\/v2\/pages\/138","targetHints":{"allow":["GET"]}}],"collection":[{"href":"https:\/\/echiquierdubocage.com\/index.php?rest_route=\/wp\/v2\/pages"}],"about":[{"href":"https:\/\/echiquierdubocage.com\/index.php?rest_route=\/wp\/v2\/types\/page"}],"author":[{"embeddable":true,"href":"https:\/\/echiquierdubocage.com\/index.php?rest_route=\/wp\/v2\/users\/2"}],"replies":[{"embeddable":true,"href":"https:\/\/echiquierdubocage.com\/index.php?rest_route=%2Fwp%2Fv2%2Fcomments&post=138"}],"version-history":[{"count":17,"href":"https:\/\/echiquierdubocage.com\/index.php?rest_route=\/wp\/v2\/pages\/138\/revisions"}],"predecessor-version":[{"id":706,"href":"https:\/\/echiquierdubocage.com\/index.php?rest_route=\/wp\/v2\/pages\/138\/revisions\/706"}],"wp:attachment":[{"href":"https:\/\/echiquierdubocage.com\/index.php?rest_route=%2Fwp%2Fv2%2Fmedia&parent=138"}],"curies":[{"name":"wp","href":"https:\/\/api.w.org\/{rel}","templated":true}]}}