{"id":136,"date":"2023-12-16T16:17:48","date_gmt":"2023-12-16T15:17:48","guid":{"rendered":"https:\/\/echiquierdubocage.com\/?page_id=136"},"modified":"2025-08-31T14:34:22","modified_gmt":"2025-08-31T12:34:22","slug":"sinscrire","status":"publish","type":"page","link":"https:\/\/echiquierdubocage.com\/?page_id=136","title":{"rendered":"S&rsquo;inscrire"},"content":{"rendered":"\n<p class=\"has-primary-color has-text-color has-link-color wp-elements-37fc7ae16614ac5ff6e6b1cbe3f58efa\"><strong>Licence A :<\/strong> Permet de participer \u00e0 toutes les comp\u00e9titions. Elle donne acc\u00e8s aux \u00e9quipes du club et aux entra\u00eenements jeunes. Cette licence est obligatoire pour jouer le championnat de l&rsquo;Orne des jeunes.<\/p>\n\n\n\n<p><strong>Licence B :<\/strong> Ne permet de participer aux tournois rapides et Blitz, les tournois scolaires et aux ouvertures du club.<\/p>\n\n\n\n<div data-wp-interactive=\"core\/file\" class=\"wp-block-file\"><object data-wp-bind--hidden=\"!state.hasPdfPreview\" hidden class=\"wp-block-file__embed\" data=\"https:\/\/echiquierdubocage.com\/wp-content\/uploads\/2025\/08\/Bulletin-dinscription-2025-2026-.pdf\" type=\"application\/pdf\" style=\"width:100%;height:600px\" aria-label=\"Contenu embarqu\u00e9 Bulletin d&apos;inscription 2025-2026.\"><\/object><a id=\"wp-block-file--media-6104c8e3-a2da-49f4-8303-08dedde52b5f\" href=\"https:\/\/echiquierdubocage.com\/wp-content\/uploads\/2025\/08\/Bulletin-dinscription-2025-2026-.pdf\">Bulletin d&rsquo;inscription 2025-2026<\/a><a href=\"https:\/\/echiquierdubocage.com\/wp-content\/uploads\/2025\/08\/Bulletin-dinscription-2025-2026-.pdf\" class=\"wp-block-file__button wp-element-button\" download aria-describedby=\"wp-block-file--media-6104c8e3-a2da-49f4-8303-08dedde52b5f\">T\u00e9l\u00e9charger<\/a><\/div>\n\n\n\n<div data-wp-interactive=\"core\/file\" class=\"wp-block-file\"><object data-wp-bind--hidden=\"!state.hasPdfPreview\" hidden class=\"wp-block-file__embed\" data=\"https:\/\/echiquierdubocage.com\/wp-content\/uploads\/2024\/09\/questionnaire-majeur.pdf\" type=\"application\/pdf\" style=\"width:100%;height:600px\" aria-label=\"Contenu embarqu\u00e9 questionnaire majeur.\"><\/object><a id=\"wp-block-file--media-857c57eb-7d2e-4783-9d68-2a57e789b08e\" href=\"https:\/\/echiquierdubocage.com\/wp-content\/uploads\/2024\/09\/questionnaire-majeur.pdf\">questionnaire majeur<\/a><a href=\"https:\/\/echiquierdubocage.com\/wp-content\/uploads\/2024\/09\/questionnaire-majeur.pdf\" class=\"wp-block-file__button wp-element-button\" download aria-describedby=\"wp-block-file--media-857c57eb-7d2e-4783-9d68-2a57e789b08e\">T\u00e9l\u00e9charger<\/a><\/div>\n\n\n\n<div data-wp-interactive=\"core\/file\" class=\"wp-block-file\"><object data-wp-bind--hidden=\"!state.hasPdfPreview\" hidden class=\"wp-block-file__embed\" data=\"https:\/\/echiquierdubocage.com\/wp-content\/uploads\/2024\/09\/questionnaire-mineur.pdf\" type=\"application\/pdf\" style=\"width:100%;height:600px\" aria-label=\"Contenu embarqu\u00e9 questionnaire mineur.\"><\/object><a id=\"wp-block-file--media-5cf41dfc-fa79-4054-9820-de6a6b32b765\" href=\"https:\/\/echiquierdubocage.com\/wp-content\/uploads\/2024\/09\/questionnaire-mineur.pdf\">questionnaire mineur<\/a><a href=\"https:\/\/echiquierdubocage.com\/wp-content\/uploads\/2024\/09\/questionnaire-mineur.pdf\" class=\"wp-block-file__button wp-element-button\" download aria-describedby=\"wp-block-file--media-5cf41dfc-fa79-4054-9820-de6a6b32b765\">T\u00e9l\u00e9charger<\/a><\/div>\n","protected":false},"excerpt":{"rendered":"<p>Licence A : Permet de participer \u00e0 toutes les comp\u00e9titions. Elle donne acc\u00e8s aux \u00e9quipes du club et aux entra\u00eenements jeunes. Cette licence est obligatoire pour jouer le championnat de l&rsquo;Orne des jeunes. Licence B : Ne permet de participer aux tournois rapides et Blitz, les tournois scolaires et aux ouvertures du club.<\/p>\n","protected":false},"author":2,"featured_media":0,"parent":0,"menu_order":0,"comment_status":"closed","ping_status":"closed","template":"","meta":{"footnotes":""},"class_list":["post-136","page","type-page","status-publish","hentry"],"_links":{"self":[{"href":"https:\/\/echiquierdubocage.com\/index.php?rest_route=\/wp\/v2\/pages\/136","targetHints":{"allow":["GET"]}}],"collection":[{"href":"https:\/\/echiquierdubocage.com\/index.php?rest_route=\/wp\/v2\/pages"}],"about":[{"href":"https:\/\/echiquierdubocage.com\/index.php?rest_route=\/wp\/v2\/types\/page"}],"author":[{"embeddable":true,"href":"https:\/\/echiquierdubocage.com\/index.php?rest_route=\/wp\/v2\/users\/2"}],"replies":[{"embeddable":true,"href":"https:\/\/echiquierdubocage.com\/index.php?rest_route=%2Fwp%2Fv2%2Fcomments&post=136"}],"version-history":[{"count":5,"href":"https:\/\/echiquierdubocage.com\/index.php?rest_route=\/wp\/v2\/pages\/136\/revisions"}],"predecessor-version":[{"id":669,"href":"https:\/\/echiquierdubocage.com\/index.php?rest_route=\/wp\/v2\/pages\/136\/revisions\/669"}],"wp:attachment":[{"href":"https:\/\/echiquierdubocage.com\/index.php?rest_route=%2Fwp%2Fv2%2Fmedia&parent=136"}],"curies":[{"name":"wp","href":"https:\/\/api.w.org\/{rel}","templated":true}]}}